{"id":615,"date":"2023-08-10T21:53:35","date_gmt":"2023-08-11T00:53:35","guid":{"rendered":"https:\/\/fundami.com.ar\/?page_id=615"},"modified":"2023-09-22T11:06:26","modified_gmt":"2023-09-22T14:06:26","slug":"obras-realizadas","status":"publish","type":"page","link":"https:\/\/fundami.com.ar\/index.php\/obras-realizadas\/","title":{"rendered":"Obras Realizadas"},"content":{"rendered":"\t\t<div data-elementor-type=\"wp-page\" data-elementor-id=\"615\" class=\"elementor elementor-615\">\n\t\t\t\t\t\t<section class=\"elementor-section elementor-top-section elementor-element elementor-element-9e2aff0 elementor-section-height-min-height elementor-section-items-bottom elementor-section-boxed elementor-section-height-default\" data-id=\"9e2aff0\" data-element_type=\"section\" data-e-type=\"section\" data-settings=\"{&quot;background_background&quot;:&quot;classic&quot;}\">\n\t\t\t\t\t\t\t<div class=\"elementor-background-overlay\"><\/div>\n\t\t\t\t\t\t\t<div class=\"elementor-container elementor-column-gap-no\">\n\t\t\t\t\t<div class=\"elementor-column elementor-col-100 elementor-top-column elementor-element elementor-element-3f67593\" data-id=\"3f67593\" data-element_type=\"column\" data-e-type=\"column\">\n\t\t\t<div class=\"elementor-widget-wrap elementor-element-populated\">\n\t\t\t\t\t\t<div class=\"elementor-element elementor-element-dc4e498 elementor-widget elementor-widget-heading\" data-id=\"dc4e498\" data-element_type=\"widget\" data-e-type=\"widget\" data-widget_type=\"heading.default\">\n\t\t\t\t<div class=\"elementor-widget-container\">\n\t\t\t\t\t<h1 class=\"elementor-heading-title elementor-size-default\">Obras Realizadas<\/h1>\t\t\t\t<\/div>\n\t\t\t\t<\/div>\n\t\t\t\t\t<\/div>\n\t\t<\/div>\n\t\t\t\t\t<\/div>\n\t\t<\/section>\n\t\t\t\t<section class=\"elementor-section elementor-top-section elementor-element elementor-element-a1fbe58 elementor-section-boxed elementor-section-height-default elementor-section-height-default\" data-id=\"a1fbe58\" data-element_type=\"section\" data-e-type=\"section\" data-settings=\"{&quot;background_background&quot;:&quot;classic&quot;}\">\n\t\t\t\t\t\t<div class=\"elementor-container elementor-column-gap-no\">\n\t\t\t\t\t<div class=\"elementor-column elementor-col-100 elementor-top-column elementor-element elementor-element-527f5ce\" data-id=\"527f5ce\" data-element_type=\"column\" data-e-type=\"column\">\n\t\t\t<div class=\"elementor-widget-wrap elementor-element-populated\">\n\t\t\t\t\t\t<div class=\"elementor-element elementor-element-efc4863 elementor-widget elementor-widget-heading\" data-id=\"efc4863\" data-element_type=\"widget\" data-e-type=\"widget\" data-widget_type=\"heading.default\">\n\t\t\t\t<div class=\"elementor-widget-container\">\n\t\t\t\t\t<h2 class=\"elementor-heading-title elementor-size-default\">2021<\/h2>\t\t\t\t<\/div>\n\t\t\t\t<\/div>\n\t\t\t\t<div class=\"elementor-element elementor-element-95703c5 elementor-widget-divider--view-line elementor-widget elementor-widget-divider\" data-id=\"95703c5\" data-element_type=\"widget\" data-e-type=\"widget\" data-widget_type=\"divider.default\">\n\t\t\t\t<div class=\"elementor-widget-container\">\n\t\t\t\t\t\t\t<div class=\"elementor-divider\">\n\t\t\t<span class=\"elementor-divider-separator\">\n\t\t\t\t\t\t<\/span>\n\t\t<\/div>\n\t\t\t\t\t\t<\/div>\n\t\t\t\t<\/div>\n\t\t\t\t<section class=\"elementor-section elementor-inner-section elementor-element elementor-element-78ef0b7 elementor-section-boxed elementor-section-height-default elementor-section-height-default\" data-id=\"78ef0b7\" data-element_type=\"section\" data-e-type=\"section\">\n\t\t\t\t\t\t<div class=\"elementor-container elementor-column-gap-no\">\n\t\t\t\t\t<div class=\"elementor-column elementor-col-50 elementor-inner-column elementor-element elementor-element-afb5dee\" data-id=\"afb5dee\" data-element_type=\"column\" data-e-type=\"column\">\n\t\t\t<div class=\"elementor-widget-wrap elementor-element-populated\">\n\t\t\t\t\t\t<div class=\"elementor-element elementor-element-2dfc64c elementor-widget elementor-widget-heading\" data-id=\"2dfc64c\" data-element_type=\"widget\" data-e-type=\"widget\" data-widget_type=\"heading.default\">\n\t\t\t\t<div class=\"elementor-widget-container\">\n\t\t\t\t\t<h5 class=\"elementor-heading-title elementor-size-default\">Puesta en valor de la sala de moderados B\n<\/h5>\t\t\t\t<\/div>\n\t\t\t\t<\/div>\n\t\t\t\t<div class=\"elementor-element elementor-element-e52ca89 elementor-widget elementor-widget-image\" data-id=\"e52ca89\" data-element_type=\"widget\" data-e-type=\"widget\" data-widget_type=\"image.default\">\n\t\t\t\t<div class=\"elementor-widget-container\">\n\t\t\t\t\t\t\t\t\t\t\t\t\t\t\t<img fetchpriority=\"high\" decoding=\"async\" width=\"1024\" height=\"460\" src=\"https:\/\/fundami.com.ar\/wp-content\/uploads\/2023\/08\/2021-1-1024x460.jpg\" class=\"attachment-large size-large wp-image-832\" alt=\"2021-1\" srcset=\"https:\/\/fundami.com.ar\/wp-content\/uploads\/2023\/08\/2021-1-1024x460.jpg 1024w, https:\/\/fundami.com.ar\/wp-content\/uploads\/2023\/08\/2021-1-300x135.jpg 300w, https:\/\/fundami.com.ar\/wp-content\/uploads\/2023\/08\/2021-1-768x345.jpg 768w, https:\/\/fundami.com.ar\/wp-content\/uploads\/2023\/08\/2021-1.jpg 1094w\" sizes=\"(max-width: 1024px) 100vw, 1024px\" \/>\t\t\t\t\t\t\t\t\t\t\t\t\t\t\t<\/div>\n\t\t\t\t<\/div>\n\t\t\t\t\t<\/div>\n\t\t<\/div>\n\t\t\t\t<div class=\"elementor-column elementor-col-50 elementor-inner-column elementor-element elementor-element-286d7bf\" data-id=\"286d7bf\" data-element_type=\"column\" data-e-type=\"column\">\n\t\t\t<div class=\"elementor-widget-wrap elementor-element-populated\">\n\t\t\t\t\t\t<div class=\"elementor-element elementor-element-9f7cca1 elementor-widget elementor-widget-text-editor\" data-id=\"9f7cca1\" data-element_type=\"widget\" data-e-type=\"widget\" data-widget_type=\"text-editor.default\">\n\t\t\t\t<div class=\"elementor-widget-container\">\n\t\t\t\t\t\t\t\t\t<p>Gracias a un trabajo colectivo y de articulaci\u00f3n entre la empresa Open Sport, Fundami y el Hospital Materno Infantil. Hemos podido hacer entrega de varios art\u00edculos y artefactos que ayudan al acondicionamiento y puesta en valor de la sala de Moderados B. El equipamiento entregado trata de bordeadora, radiadores, calderas, televisores, art\u00edculos de cerrajer\u00eda y de electricidad.<\/p>\t\t\t\t\t\t\t\t<\/div>\n\t\t\t\t<\/div>\n\t\t\t\t<div class=\"elementor-element elementor-element-712d911 elementor-widget__width-initial elementor-widget elementor-widget-text-editor\" data-id=\"712d911\" data-element_type=\"widget\" data-e-type=\"widget\" data-widget_type=\"text-editor.default\">\n\t\t\t\t<div class=\"elementor-widget-container\">\n\t\t\t\t\t\t\t\t\t<p><strong>Radiador Peisa T500:<\/strong> 280.000 unidades <br><strong>Caldera Peisa XP100:<\/strong> 1.000 unidades <br><strong>Vaso de expansion Maxivarem 50Its vertical:<\/strong> 1.000 unidades <br><strong>Bomba Grundfos 401185:<\/strong> 1.000 unidades <br><strong>Kit insatalacion radiadores:<\/strong> 27.000 unidades <br><strong>Arizona ducha c\/TR\/ FV:<\/strong> 15,00 unidades <br><strong>Arizona lavatorio FV:<\/strong> 15,00 unidades <br><strong>Arizona bidet FV:<\/strong> 20,00 unidades <br><strong>Cocina mesada:<\/strong> 7,00 unidades <br><strong>Bordadora Janome MC400E:<\/strong> 1 unidad <br><strong>Plafon led redondo 18w luz dia 22cm 1710LM:<\/strong> 70 unidades <br><strong>Plafon led redondo 24w luz dia 30cm 2280LM:<\/strong> 10 unidades <br><strong>Panel led aplicar 40w neutro 600x600MM glowLUX:<\/strong> 12 unidades <br><strong>Plafon led redondo 18w luz dia 22cm 1710LM:<\/strong> 70 unidades <br><strong>Plafon led redondo 24w luz dia 30cm 2280LM:<\/strong> 10 unidades <br><strong>Panel led aplicar 40w neutro 600x600MM glowLUX:<\/strong> 12 unidades <br><strong>Cerradura pomo llave vale redondo acero:<\/strong> 50 unidades <br><strong>Dac cerrojo mediano 2 pernos:<\/strong> 10 unidades <br><strong>Manija bronce chin china roseta chapa:<\/strong> 7 unidades <br><strong>Vito cerradura pas rectangular:<\/strong> 10 unidades<\/p>\t\t\t\t\t\t\t\t<\/div>\n\t\t\t\t<\/div>\n\t\t\t\t\t<\/div>\n\t\t<\/div>\n\t\t\t\t\t<\/div>\n\t\t<\/section>\n\t\t\t\t\t<\/div>\n\t\t<\/div>\n\t\t\t\t\t<\/div>\n\t\t<\/section>\n\t\t\t\t<section class=\"elementor-section elementor-top-section elementor-element elementor-element-58b2108 elementor-section-boxed elementor-section-height-default elementor-section-height-default\" data-id=\"58b2108\" data-element_type=\"section\" data-e-type=\"section\" data-settings=\"{&quot;background_background&quot;:&quot;classic&quot;}\">\n\t\t\t\t\t\t<div class=\"elementor-container elementor-column-gap-no\">\n\t\t\t\t\t<div class=\"elementor-column elementor-col-100 elementor-top-column elementor-element elementor-element-3d81b23\" data-id=\"3d81b23\" data-element_type=\"column\" data-e-type=\"column\">\n\t\t\t<div class=\"elementor-widget-wrap elementor-element-populated\">\n\t\t\t\t\t\t<div class=\"elementor-element elementor-element-584e687 elementor-widget elementor-widget-heading\" data-id=\"584e687\" data-element_type=\"widget\" data-e-type=\"widget\" data-widget_type=\"heading.default\">\n\t\t\t\t<div class=\"elementor-widget-container\">\n\t\t\t\t\t<h2 class=\"elementor-heading-title elementor-size-default\">2022<\/h2>\t\t\t\t<\/div>\n\t\t\t\t<\/div>\n\t\t\t\t<div class=\"elementor-element elementor-element-18552af elementor-widget-divider--view-line elementor-widget elementor-widget-divider\" data-id=\"18552af\" data-element_type=\"widget\" data-e-type=\"widget\" data-widget_type=\"divider.default\">\n\t\t\t\t<div class=\"elementor-widget-container\">\n\t\t\t\t\t\t\t<div class=\"elementor-divider\">\n\t\t\t<span class=\"elementor-divider-separator\">\n\t\t\t\t\t\t<\/span>\n\t\t<\/div>\n\t\t\t\t\t\t<\/div>\n\t\t\t\t<\/div>\n\t\t\t\t<section class=\"elementor-section elementor-inner-section elementor-element elementor-element-e8309f5 elementor-section-boxed elementor-section-height-default elementor-section-height-default\" data-id=\"e8309f5\" data-element_type=\"section\" data-e-type=\"section\">\n\t\t\t\t\t\t<div class=\"elementor-container elementor-column-gap-no\">\n\t\t\t\t\t<div class=\"elementor-column elementor-col-50 elementor-inner-column elementor-element elementor-element-6b37c93\" data-id=\"6b37c93\" data-element_type=\"column\" data-e-type=\"column\">\n\t\t\t<div class=\"elementor-widget-wrap elementor-element-populated\">\n\t\t\t\t\t\t<div class=\"elementor-element elementor-element-be80e87 elementor-widget elementor-widget-heading\" data-id=\"be80e87\" data-element_type=\"widget\" data-e-type=\"widget\" data-widget_type=\"heading.default\">\n\t\t\t\t<div class=\"elementor-widget-container\">\n\t\t\t\t\t<h5 class=\"elementor-heading-title elementor-size-default\">Puesta en Valor de la sala de Oncologia y Alto riesgo\n<\/h5>\t\t\t\t<\/div>\n\t\t\t\t<\/div>\n\t\t\t\t<div class=\"elementor-element elementor-element-33d9c3c elementor-widget elementor-widget-image\" data-id=\"33d9c3c\" data-element_type=\"widget\" data-e-type=\"widget\" data-widget_type=\"image.default\">\n\t\t\t\t<div class=\"elementor-widget-container\">\n\t\t\t\t\t\t\t\t\t\t\t\t\t\t\t<img decoding=\"async\" width=\"874\" height=\"487\" src=\"https:\/\/fundami.com.ar\/wp-content\/uploads\/2023\/08\/2022-1.jpg\" class=\"attachment-large size-large wp-image-841\" alt=\"\" srcset=\"https:\/\/fundami.com.ar\/wp-content\/uploads\/2023\/08\/2022-1.jpg 874w, https:\/\/fundami.com.ar\/wp-content\/uploads\/2023\/08\/2022-1-300x167.jpg 300w, https:\/\/fundami.com.ar\/wp-content\/uploads\/2023\/08\/2022-1-768x428.jpg 768w\" sizes=\"(max-width: 874px) 100vw, 874px\" \/>\t\t\t\t\t\t\t\t\t\t\t\t\t\t\t<\/div>\n\t\t\t\t<\/div>\n\t\t\t\t<div class=\"elementor-element elementor-element-b125cba elementor-widget elementor-widget-image\" data-id=\"b125cba\" data-element_type=\"widget\" data-e-type=\"widget\" data-widget_type=\"image.default\">\n\t\t\t\t<div class=\"elementor-widget-container\">\n\t\t\t\t\t\t\t\t\t\t\t\t\t\t\t<img decoding=\"async\" width=\"508\" height=\"241\" src=\"https:\/\/fundami.com.ar\/wp-content\/uploads\/2023\/08\/2022-2.jpg\" class=\"attachment-large size-large wp-image-842\" alt=\"\" srcset=\"https:\/\/fundami.com.ar\/wp-content\/uploads\/2023\/08\/2022-2.jpg 508w, https:\/\/fundami.com.ar\/wp-content\/uploads\/2023\/08\/2022-2-300x142.jpg 300w\" sizes=\"(max-width: 508px) 100vw, 508px\" \/>\t\t\t\t\t\t\t\t\t\t\t\t\t\t\t<\/div>\n\t\t\t\t<\/div>\n\t\t\t\t<div class=\"elementor-element elementor-element-2ddc41d elementor-widget elementor-widget-image\" data-id=\"2ddc41d\" data-element_type=\"widget\" data-e-type=\"widget\" data-widget_type=\"image.default\">\n\t\t\t\t<div class=\"elementor-widget-container\">\n\t\t\t\t\t\t\t\t\t\t\t\t\t\t\t<img loading=\"lazy\" decoding=\"async\" width=\"515\" height=\"293\" src=\"https:\/\/fundami.com.ar\/wp-content\/uploads\/2023\/08\/2022-4.jpg\" class=\"attachment-large size-large wp-image-843\" alt=\"\" srcset=\"https:\/\/fundami.com.ar\/wp-content\/uploads\/2023\/08\/2022-4.jpg 515w, https:\/\/fundami.com.ar\/wp-content\/uploads\/2023\/08\/2022-4-300x171.jpg 300w\" sizes=\"(max-width: 515px) 100vw, 515px\" \/>\t\t\t\t\t\t\t\t\t\t\t\t\t\t\t<\/div>\n\t\t\t\t<\/div>\n\t\t\t\t\t<\/div>\n\t\t<\/div>\n\t\t\t\t<div class=\"elementor-column elementor-col-50 elementor-inner-column elementor-element elementor-element-30fba77\" data-id=\"30fba77\" data-element_type=\"column\" data-e-type=\"column\">\n\t\t\t<div class=\"elementor-widget-wrap elementor-element-populated\">\n\t\t\t\t\t\t<div class=\"elementor-element elementor-element-bf91197 elementor-widget elementor-widget-text-editor\" data-id=\"bf91197\" data-element_type=\"widget\" data-e-type=\"widget\" data-widget_type=\"text-editor.default\">\n\t\t\t\t<div class=\"elementor-widget-container\">\n\t\t\t\t\t\t\t\t\t<p>Durante el 2022 concretamos la entrega de varios art\u00edculos y artefactos para la puesta en valor de la Sala de Oncolog\u00eda y Alto Riesgo.<br \/>Este nuevo desaf\u00edo tuvo 3 etapas:<br \/><strong>1era:<\/strong> Calefaccion, para los pasillos, habitaciones y sala de m\u00e9dicos <br \/><strong>2da:<\/strong> Poliductos, para abastecer 20 habitaciones<br \/><strong>3ra:<\/strong> Iluminaci\u00f3n, Grifer\u00edas, Pintura, Ruedas, Cer\u00e1micos y Cerraduras, para las \u00e1reas antes mencionadas<\/p>\t\t\t\t\t\t\t\t<\/div>\n\t\t\t\t<\/div>\n\t\t\t\t\t<\/div>\n\t\t<\/div>\n\t\t\t\t\t<\/div>\n\t\t<\/section>\n\t\t\t\t\t<\/div>\n\t\t<\/div>\n\t\t\t\t\t<\/div>\n\t\t<\/section>\n\t\t\t\t<section class=\"elementor-section elementor-top-section elementor-element elementor-element-7bd72ce elementor-section-boxed elementor-section-height-default elementor-section-height-default\" data-id=\"7bd72ce\" data-element_type=\"section\" data-e-type=\"section\" data-settings=\"{&quot;background_background&quot;:&quot;classic&quot;}\">\n\t\t\t\t\t\t<div class=\"elementor-container elementor-column-gap-no\">\n\t\t\t\t\t<div class=\"elementor-column elementor-col-100 elementor-top-column elementor-element elementor-element-5b10684\" data-id=\"5b10684\" data-element_type=\"column\" data-e-type=\"column\">\n\t\t\t<div class=\"elementor-widget-wrap elementor-element-populated\">\n\t\t\t\t\t\t<div class=\"elementor-element elementor-element-e9dfe59 elementor-widget elementor-widget-heading\" data-id=\"e9dfe59\" data-element_type=\"widget\" data-e-type=\"widget\" data-widget_type=\"heading.default\">\n\t\t\t\t<div class=\"elementor-widget-container\">\n\t\t\t\t\t<h2 class=\"elementor-heading-title elementor-size-default\">Obras Realizadas<\/h2>\t\t\t\t<\/div>\n\t\t\t\t<\/div>\n\t\t\t\t<div class=\"elementor-element elementor-element-522ae3c elementor-widget-divider--view-line elementor-widget elementor-widget-divider\" data-id=\"522ae3c\" data-element_type=\"widget\" data-e-type=\"widget\" data-widget_type=\"divider.default\">\n\t\t\t\t<div class=\"elementor-widget-container\">\n\t\t\t\t\t\t\t<div class=\"elementor-divider\">\n\t\t\t<span class=\"elementor-divider-separator\">\n\t\t\t\t\t\t<\/span>\n\t\t<\/div>\n\t\t\t\t\t\t<\/div>\n\t\t\t\t<\/div>\n\t\t\t\t<section class=\"elementor-section elementor-inner-section elementor-element elementor-element-e6372eb elementor-section-boxed elementor-section-height-default elementor-section-height-default\" data-id=\"e6372eb\" data-element_type=\"section\" data-e-type=\"section\">\n\t\t\t\t\t\t<div class=\"elementor-container elementor-column-gap-no\">\n\t\t\t\t\t<div class=\"elementor-column elementor-col-100 elementor-inner-column elementor-element elementor-element-00027d7\" data-id=\"00027d7\" data-element_type=\"column\" data-e-type=\"column\">\n\t\t\t<div class=\"elementor-widget-wrap elementor-element-populated\">\n\t\t\t\t\t\t<div class=\"elementor-element elementor-element-f8050b3 elementor-widget elementor-widget-text-editor\" data-id=\"f8050b3\" data-element_type=\"widget\" data-e-type=\"widget\" data-widget_type=\"text-editor.default\">\n\t\t\t\t<div class=\"elementor-widget-container\">\n\t\t\t\t\t\t\t\t\t<table class=\"default\"><tbody><tr><th style=\"text-align: left;\" scope=\"row\">A\u00f1o<\/th><th style=\"text-align: left;\">Descripci\u00f3n Obra<\/th><th style=\"text-align: left;\">Metros Cuadrados<\/th><th style=\"text-align: left;\">Estado<\/th><\/tr><tr><td>1999<\/td><td>Remodelaci\u00f3n Piso 2<\/td><td>170<\/td><td>Finalizado<\/td><\/tr><tr><td>2004<\/td><td>Terapia Intermedia<\/td><td>170<\/td><td>Finalizado<\/td><\/tr><tr><td>2006<\/td><td>Neonatolog\u00eda<\/td><td>500<\/td><td>Finalizado<\/td><\/tr><tr><td>2008<\/td><td>Obstetricia Alto Riego<\/td><td>570<\/td><td>Finalizado<\/td><\/tr><tr><td>2010<\/td><td>Sala Quir\u00fargica<\/td><td>506<\/td><td>Finalizado<\/td><\/tr><tr><td>2010<\/td><td>Mantenimiento AA<\/td><td>Aparatolog\u00eda<\/td><td>Entregado<\/td><\/tr><tr><td>2011<\/td><td>Compra TV LCD<\/td><td>Aparatolog\u00eda<\/td><td>Entregado<\/td><\/tr><tr><td>2011<\/td><td>Bilirubinometro<\/td><td>Aparatolog\u00eda<\/td><td>Entregado<\/td><\/tr><tr><td>2011<\/td><td>Remodelaci\u00f3n Onco-Hematolog\u00eda<\/td><td>500<\/td><td>Finalizado<\/td><\/tr><tr><td>2012<\/td><td>Lactario Central<\/td><td>500<\/td><td>Entregado<\/td><\/tr><tr><td>2014<\/td><td>Re funcionalizaci\u00f3n Traumatolog\u00eda<\/td><td>452<\/td><td>Finalizado<\/td><\/tr><tr><td>2015<\/td><td>Equipo Oftalmolog\u00eda<\/td><td>Aparatolog\u00eda<\/td><td>Entregado<\/td><\/tr><tr><td>2016<\/td><td>Oncolog\u00eda &#8211; Satur\u00f3metros y blanco<\/td><td>Aparatolog\u00eda y blanco<\/td><td>Entregado<\/td><\/tr><tr><td>2017<\/td><td>Reparaci\u00f3n techos quir\u00f3fano<\/td><td>300<\/td><td>Finalizado<\/td><\/tr><tr><td>2017<\/td><td>Consultorios Externos Etapa 1<\/td><td>618<\/td><td>Finalizado<\/td><\/tr><tr><td>2018<\/td><td>Sala de Moderados B<\/td><td>Artefactos<\/td><td>Entregado<\/td><\/tr><tr><td>2022<\/td><td>Puesta en Valor de \u00c1rea Oncolog\u00eda y Alto Riesgo<\/td><td>Aparatolog\u00eda y artefactos<\/td><td>Entregado<\/td><\/tr><tr><td>2023<\/td><td>Residencia de Madres y Area de Terapia Ocupacional y Kinesiolog\u00eda<\/td><td>300<\/td><td>En Proceso<\/td><\/tr><\/tbody><\/table>\t\t\t\t\t\t\t\t<\/div>\n\t\t\t\t<\/div>\n\t\t\t\t\t<\/div>\n\t\t<\/div>\n\t\t\t\t\t<\/div>\n\t\t<\/section>\n\t\t\t\t\t<\/div>\n\t\t<\/div>\n\t\t\t\t\t<\/div>\n\t\t<\/section>\n\t\t\t\t<\/div>\n\t\t","protected":false},"excerpt":{"rendered":"<p>Obras Realizadas 2021 Puesta en valor de la sala de moderados B Gracias a un trabajo colectivo y de articulaci\u00f3n entre la empresa Open Sport, Fundami y el Hospital Materno Infantil. Hemos podido hacer entrega de varios art\u00edculos y artefactos que ayudan al acondicionamiento y puesta en valor de la sala de Moderados B. El [&hellip;]<\/p>\n","protected":false},"author":1,"featured_media":0,"parent":0,"menu_order":0,"comment_status":"closed","ping_status":"closed","template":"","meta":{"site-sidebar-layout":"no-sidebar","site-content-layout":"page-builder","ast-site-content-layout":"default","site-content-style":"default","site-sidebar-style":"default","ast-global-header-display":"","ast-banner-title-visibility":"","ast-main-header-display":"","ast-hfb-above-header-display":"","ast-hfb-below-header-display":"","ast-hfb-mobile-header-display":"","site-post-title":"disabled","ast-breadcrumbs-content":"disabled","ast-featured-img":"disabled","footer-sml-layout":"","ast-disable-related-posts":"","theme-transparent-header-meta":"enabled","adv-header-id-meta":"","stick-header-meta":"","header-above-stick-meta":"","header-main-stick-meta":"","header-below-stick-meta":"","astra-migrate-meta-layouts":"default","ast-page-background-enabled":"default","ast-page-background-meta":{"desktop":{"background-color":"","background-image":"","background-repeat":"repeat","background-position":"center center","background-size":"auto","background-attachment":"scroll","background-type":"","background-media":"","overlay-type":"","overlay-color":"","overlay-opacity":"","overlay-gradient":""},"tablet":{"background-color":"","background-image":"","background-repeat":"repeat","background-position":"center center","background-size":"auto","background-attachment":"scroll","background-type":"","background-media":"","overlay-type":"","overlay-color":"","overlay-opacity":"","overlay-gradient":""},"mobile":{"background-color":"","background-image":"","background-repeat":"repeat","background-position":"center center","background-size":"auto","background-attachment":"scroll","background-type":"","background-media":"","overlay-type":"","overlay-color":"","overlay-opacity":"","overlay-gradient":""}},"ast-content-background-meta":{"desktop":{"background-color":"var(--ast-global-color-5)","background-image":"","background-repeat":"repeat","background-position":"center center","background-size":"auto","background-attachment":"scroll","background-type":"","background-media":"","overlay-type":"","overlay-color":"","overlay-opacity":"","overlay-gradient":""},"tablet":{"background-color":"var(--ast-global-color-5)","background-image":"","background-repeat":"repeat","background-position":"center center","background-size":"auto","background-attachment":"scroll","background-type":"","background-media":"","overlay-type":"","overlay-color":"","overlay-opacity":"","overlay-gradient":""},"mobile":{"background-color":"var(--ast-global-color-5)","background-image":"","background-repeat":"repeat","background-position":"center center","background-size":"auto","background-attachment":"scroll","background-type":"","background-media":"","overlay-type":"","overlay-color":"","overlay-opacity":"","overlay-gradient":""}},"_joinchat":[],"footnotes":""},"class_list":["post-615","page","type-page","status-publish","hentry"],"_links":{"self":[{"href":"https:\/\/fundami.com.ar\/index.php\/wp-json\/wp\/v2\/pages\/615","targetHints":{"allow":["GET"]}}],"collection":[{"href":"https:\/\/fundami.com.ar\/index.php\/wp-json\/wp\/v2\/pages"}],"about":[{"href":"https:\/\/fundami.com.ar\/index.php\/wp-json\/wp\/v2\/types\/page"}],"author":[{"embeddable":true,"href":"https:\/\/fundami.com.ar\/index.php\/wp-json\/wp\/v2\/users\/1"}],"replies":[{"embeddable":true,"href":"https:\/\/fundami.com.ar\/index.php\/wp-json\/wp\/v2\/comments?post=615"}],"version-history":[{"count":50,"href":"https:\/\/fundami.com.ar\/index.php\/wp-json\/wp\/v2\/pages\/615\/revisions"}],"predecessor-version":[{"id":1073,"href":"https:\/\/fundami.com.ar\/index.php\/wp-json\/wp\/v2\/pages\/615\/revisions\/1073"}],"wp:attachment":[{"href":"https:\/\/fundami.com.ar\/index.php\/wp-json\/wp\/v2\/media?parent=615"}],"curies":[{"name":"wp","href":"https:\/\/api.w.org\/{rel}","templated":true}]}}